{"id":185,"date":"2019-07-23T23:28:28","date_gmt":"2019-07-23T21:28:28","guid":{"rendered":"http:\/\/bayernfossil.bplaced.net\/?page_id=185"},"modified":"2019-10-22T00:31:12","modified_gmt":"2019-10-21T22:31:12","slug":"gesuche","status":"publish","type":"page","link":"https:\/\/bayernfossil.bplaced.net\/?page_id=185","title":{"rendered":"Gesuche"},"content":{"rendered":"<p>Ich suche grunds\u00e4tzlich nur nach Fossilien aus Bayern oder angrenzenden Gebieten (nicht mehr als 30 km au\u00dferhalb der Landesgrenzen). Bitte Angebote per Mail an info@bayernfossil.de immer mit Bild schicken.<\/p>\n<h1>Pal\u00e4ozoikum<\/h1>\n<p>Ich bin prinzipiell an allen St\u00fccken aus dem Pal\u00e4ozoikum Bayerns (Kambrium bis Perm) interessiert.<\/p>\n<h1>Trias<\/h1>\n<h2>Buntsandstein<\/h2>\n<p>Pflanzenreste<\/p>\n<p>Marine Fossilien des R\u00f6t<\/p>\n<h2>Muschelkalk<\/h2>\n<p>Ceratites flexuosus<\/p>\n<p>Ceratites sequens \/ pulcher<\/p>\n<p>Ceratites phillipi<\/p>\n<p>Wirbeltierreste (keine Knochenfragmente)<\/p>\n<h2>Keuper<\/h2>\n<p>Farnpflanzen<\/p>\n<p>Wirbeltierreste (Mastodonsaurus, Ceratodus, Fische etc.)<\/p>\n<h1>Jura<\/h1>\n<h2>Lias<\/h2>\n<p>Ich bin prinzipiell an allen St\u00fccken aus dem Hettangium und Sinemurium Bayerns interessiert (au\u00dfer Cardinien, Spurenfossilien und Gryphaeen).<\/p>\n<p>Zudem suche ich aus dem unteren Pliensbachium:<\/p>\n<p>Prodactylioceras, Tragophylloceras, Phricodoceras, Pleurotomaria.<\/p>\n<h2>Dogger<\/h2>\n<p>Ich bin prinzipiell an allen St\u00fccken vom unteren Aalenium bis zum unteren Bajocium Bayerns interessiert (au\u00dfer Bivalvia, Brachiopoden und Belemniten).<\/p>\n<p>Zudem suche ich St\u00fccke aus dem Callovium (au\u00dfer Macrocephalites, Grossouvria, Hecticoceras und Belemniten).<\/p>\n<h2>Malm<\/h2>\n<p>Ich bin an gut erhaltenen St\u00fccken aus den Schichten unterhalb bimammatum-Zone interessiert (Malm alpha 1-2).<\/p>\n<p>Ich bin prinzipiell an allen St\u00fccken aus dem oberen Kimmeridgium Bayerns interessiert (au\u00dfer Engelhardsberg).<\/p>\n<p>Zudem suche ich gut erhaltene Korallen und Wirbeltierreste.<\/p>\n<h1>Kreide<\/h1>\n<p>Ich bin prinzipiell an allen St\u00fccken aus dem Kreide Bayerns (alpin und Regensburger Gebiet) interessiert (au\u00dfer Rynchostreon und Actinostreon).<\/p>\n<h1>Pal\u00e4ogen<\/h1>\n<p>Gute Belegst\u00fccke aus dem Helvetikum (keine Nummuliten), speziell Kressenberg und Gr\u00fcnten.<\/p>\n<h1>Neogen<\/h1>\n<p>Sch\u00f6ne Mollusken, Haiz\u00e4hne und S\u00e4ugerreste aus dem Oberen Meeresmolasse und Brackwassermolasse (keine Austern).<\/p>\n<p>Bestimmbares Knochen- und Zahnmaterial aus der Oberen S\u00fc\u00dfwassermolasse (keine Kleins\u00e4uger).<\/p>\n","protected":false},"excerpt":{"rendered":"<p>Ich suche grunds\u00e4tzlich nur nach Fossilien aus Bayern oder angrenzenden Gebieten (nicht mehr als 30 km au\u00dferhalb der Landesgrenzen). Bitte Angebote per Mail an info@bayernfossil.de immer mit Bild schicken. Pal\u00e4ozoikum Ich bin prinzipiell an allen St\u00fccken aus dem Pal\u00e4ozoikum Bayerns (Kambrium bis Perm) interessiert. Trias Buntsandstein Pflanzenreste Marine Fossilien des R\u00f6t Muschelkalk Ceratites flexuosus Ceratites &hellip; <\/p>\n<p class=\"link-more\"><a href=\"https:\/\/bayernfossil.bplaced.net\/?page_id=185\" class=\"more-link\"><span class=\"screen-reader-text\">\u201eGesuche\u201c <\/span>weiterlesen<\/a><\/p>\n","protected":false},"author":1,"featured_media":0,"parent":0,"menu_order":0,"comment_status":"closed","ping_status":"closed","template":"","meta":{"footnotes":""},"class_list":["post-185","page","type-page","status-publish","hentry"],"yoast_head":"<!-- This site is optimized with the Yoast SEO plugin v27.4 - https:\/\/yoast.com\/product\/yoast-seo-wordpress\/ -->\n<title>Gesuche - Bayernfossil<\/title>\n<meta name=\"robots\" content=\"index, follow, max-snippet:-1, max-image-preview:large, max-video-preview:-1\" \/>\n<link rel=\"canonical\" href=\"https:\/\/bayernfossil.bplaced.net\/?page_id=185\" \/>\n<meta property=\"og:locale\" content=\"de_DE\" \/>\n<meta property=\"og:type\" content=\"article\" \/>\n<meta property=\"og:title\" content=\"Gesuche - Bayernfossil\" \/>\n<meta property=\"og:description\" content=\"Ich suche grunds\u00e4tzlich nur nach Fossilien aus Bayern oder angrenzenden Gebieten (nicht mehr als 30 km au\u00dferhalb der Landesgrenzen). Bitte Angebote per Mail an info@bayernfossil.de immer mit Bild schicken. Pal\u00e4ozoikum Ich bin prinzipiell an allen St\u00fccken aus dem Pal\u00e4ozoikum Bayerns (Kambrium bis Perm) interessiert. Trias Buntsandstein Pflanzenreste Marine Fossilien des R\u00f6t Muschelkalk Ceratites flexuosus Ceratites &hellip; \u201eGesuche\u201c weiterlesen\" \/>\n<meta property=\"og:url\" content=\"https:\/\/bayernfossil.bplaced.net\/?page_id=185\" \/>\n<meta property=\"og:site_name\" content=\"Bayernfossil\" \/>\n<meta property=\"article:publisher\" content=\"https:\/\/www.facebook.com\/cee.kaakaa.31\/\" \/>\n<meta property=\"article:modified_time\" content=\"2019-10-21T22:31:12+00:00\" \/>\n<meta name=\"twitter:card\" content=\"summary_large_image\" \/>\n<meta name=\"twitter:label1\" content=\"Gesch\u00e4tzte Lesezeit\" \/>\n\t<meta name=\"twitter:data1\" content=\"1\u00a0Minute\" \/>\n<script type=\"application\/ld+json\" class=\"yoast-schema-graph\">{\"@context\":\"https:\\\/\\\/schema.org\",\"@graph\":[{\"@type\":\"WebPage\",\"@id\":\"https:\\\/\\\/bayernfossil.bplaced.net\\\/?page_id=185\",\"url\":\"https:\\\/\\\/bayernfossil.bplaced.net\\\/?page_id=185\",\"name\":\"Gesuche - Bayernfossil\",\"isPartOf\":{\"@id\":\"https:\\\/\\\/bayernfossil.bplaced.net\\\/#website\"},\"datePublished\":\"2019-07-23T21:28:28+00:00\",\"dateModified\":\"2019-10-21T22:31:12+00:00\",\"breadcrumb\":{\"@id\":\"https:\\\/\\\/bayernfossil.bplaced.net\\\/?page_id=185#breadcrumb\"},\"inLanguage\":\"de\",\"potentialAction\":[{\"@type\":\"ReadAction\",\"target\":[\"https:\\\/\\\/bayernfossil.bplaced.net\\\/?page_id=185\"]}]},{\"@type\":\"BreadcrumbList\",\"@id\":\"https:\\\/\\\/bayernfossil.bplaced.net\\\/?page_id=185#breadcrumb\",\"itemListElement\":[{\"@type\":\"ListItem\",\"position\":1,\"name\":\"Home\",\"item\":\"https:\\\/\\\/bayernfossil.bplaced.net\\\/\"},{\"@type\":\"ListItem\",\"position\":2,\"name\":\"Gesuche\"}]},{\"@type\":\"WebSite\",\"@id\":\"https:\\\/\\\/bayernfossil.bplaced.net\\\/#website\",\"url\":\"https:\\\/\\\/bayernfossil.bplaced.net\\\/\",\"name\":\"Bayernfossil\",\"description\":\"Fossilien in Bayern\",\"potentialAction\":[{\"@type\":\"SearchAction\",\"target\":{\"@type\":\"EntryPoint\",\"urlTemplate\":\"https:\\\/\\\/bayernfossil.bplaced.net\\\/?s={search_term_string}\"},\"query-input\":{\"@type\":\"PropertyValueSpecification\",\"valueRequired\":true,\"valueName\":\"search_term_string\"}}],\"inLanguage\":\"de\"}]}<\/script>\n<!-- \/ Yoast SEO plugin. -->","yoast_head_json":{"title":"Gesuche - Bayernfossil","robots":{"index":"index","follow":"follow","max-snippet":"max-snippet:-1","max-image-preview":"max-image-preview:large","max-video-preview":"max-video-preview:-1"},"canonical":"https:\/\/bayernfossil.bplaced.net\/?page_id=185","og_locale":"de_DE","og_type":"article","og_title":"Gesuche - Bayernfossil","og_description":"Ich suche grunds\u00e4tzlich nur nach Fossilien aus Bayern oder angrenzenden Gebieten (nicht mehr als 30 km au\u00dferhalb der Landesgrenzen). Bitte Angebote per Mail an info@bayernfossil.de immer mit Bild schicken. Pal\u00e4ozoikum Ich bin prinzipiell an allen St\u00fccken aus dem Pal\u00e4ozoikum Bayerns (Kambrium bis Perm) interessiert. Trias Buntsandstein Pflanzenreste Marine Fossilien des R\u00f6t Muschelkalk Ceratites flexuosus Ceratites &hellip; \u201eGesuche\u201c weiterlesen","og_url":"https:\/\/bayernfossil.bplaced.net\/?page_id=185","og_site_name":"Bayernfossil","article_publisher":"https:\/\/www.facebook.com\/cee.kaakaa.31\/","article_modified_time":"2019-10-21T22:31:12+00:00","twitter_card":"summary_large_image","twitter_misc":{"Gesch\u00e4tzte Lesezeit":"1\u00a0Minute"},"schema":{"@context":"https:\/\/schema.org","@graph":[{"@type":"WebPage","@id":"https:\/\/bayernfossil.bplaced.net\/?page_id=185","url":"https:\/\/bayernfossil.bplaced.net\/?page_id=185","name":"Gesuche - Bayernfossil","isPartOf":{"@id":"https:\/\/bayernfossil.bplaced.net\/#website"},"datePublished":"2019-07-23T21:28:28+00:00","dateModified":"2019-10-21T22:31:12+00:00","breadcrumb":{"@id":"https:\/\/bayernfossil.bplaced.net\/?page_id=185#breadcrumb"},"inLanguage":"de","potentialAction":[{"@type":"ReadAction","target":["https:\/\/bayernfossil.bplaced.net\/?page_id=185"]}]},{"@type":"BreadcrumbList","@id":"https:\/\/bayernfossil.bplaced.net\/?page_id=185#breadcrumb","itemListElement":[{"@type":"ListItem","position":1,"name":"Home","item":"https:\/\/bayernfossil.bplaced.net\/"},{"@type":"ListItem","position":2,"name":"Gesuche"}]},{"@type":"WebSite","@id":"https:\/\/bayernfossil.bplaced.net\/#website","url":"https:\/\/bayernfossil.bplaced.net\/","name":"Bayernfossil","description":"Fossilien in Bayern","potentialAction":[{"@type":"SearchAction","target":{"@type":"EntryPoint","urlTemplate":"https:\/\/bayernfossil.bplaced.net\/?s={search_term_string}"},"query-input":{"@type":"PropertyValueSpecification","valueRequired":true,"valueName":"search_term_string"}}],"inLanguage":"de"}]}},"_links":{"self":[{"href":"https:\/\/bayernfossil.bplaced.net\/index.php?rest_route=\/wp\/v2\/pages\/185","targetHints":{"allow":["GET"]}}],"collection":[{"href":"https:\/\/bayernfossil.bplaced.net\/index.php?rest_route=\/wp\/v2\/pages"}],"about":[{"href":"https:\/\/bayernfossil.bplaced.net\/index.php?rest_route=\/wp\/v2\/types\/page"}],"author":[{"embeddable":true,"href":"https:\/\/bayernfossil.bplaced.net\/index.php?rest_route=\/wp\/v2\/users\/1"}],"replies":[{"embeddable":true,"href":"https:\/\/bayernfossil.bplaced.net\/index.php?rest_route=%2Fwp%2Fv2%2Fcomments&post=185"}],"version-history":[{"count":5,"href":"https:\/\/bayernfossil.bplaced.net\/index.php?rest_route=\/wp\/v2\/pages\/185\/revisions"}],"predecessor-version":[{"id":192,"href":"https:\/\/bayernfossil.bplaced.net\/index.php?rest_route=\/wp\/v2\/pages\/185\/revisions\/192"}],"wp:attachment":[{"href":"https:\/\/bayernfossil.bplaced.net\/index.php?rest_route=%2Fwp%2Fv2%2Fmedia&parent=185"}],"curies":[{"name":"wp","href":"https:\/\/api.w.org\/{rel}","templated":true}]}}