{"id":28,"date":"2017-09-17T23:34:08","date_gmt":"2017-09-17T21:34:08","guid":{"rendered":"http:\/\/bayernfossil.bplaced.net\/?page_id=28"},"modified":"2022-09-19T11:06:43","modified_gmt":"2022-09-19T09:06:43","slug":"ueber-mich","status":"publish","type":"page","link":"https:\/\/bayernfossil.bplaced.net\/?page_id=28","title":{"rendered":"\u00dcber mich"},"content":{"rendered":"<p><img loading=\"lazy\" decoding=\"async\" class=\"alignnone wp-image-129 size-full\" src=\"https:\/\/bayernfossil.bplaced.net\/wp-content\/uploads\/2017\/09\/Autor.jpg\" alt=\"Christian K\u00fchnel-Kratz\" width=\"77\" height=\"77\" \/><\/p>\n<p>Seit 1977 bin ich Fossiliensammler. In den letzten 15 Jahren habe ich mein Revier aus Platzgr\u00fcnden auf Bayern (und angrenzende Gebiete) beschr\u00e4nkt.<\/p>\n<p>Bayern bietet Fossilien aus allen Zeitaltern von Kambrium bis Neogen, einem Zeitraum von \u00fcber 520 Millionen Jahren &#8211; es gab und gibt also mehr als genug zu finden&#8230;.<\/p>\n<p><a href=\"https:\/\/www.ebay.de\/sch\/bayernfossi\/m.html\" target=\"_blank\" rel=\"noopener\">Meine Fossilien bei ebay.de<\/a><\/p>\n","protected":false},"excerpt":{"rendered":"<p>Seit 1977 bin ich Fossiliensammler. In den letzten 15 Jahren habe ich mein Revier aus Platzgr\u00fcnden auf Bayern (und angrenzende Gebiete) beschr\u00e4nkt. Bayern bietet Fossilien aus allen Zeitaltern von Kambrium bis Neogen, einem Zeitraum von \u00fcber 520 Millionen Jahren &#8211; es gab und gibt also mehr als genug zu finden&#8230;. Meine Fossilien bei ebay.de<\/p>\n","protected":false},"author":1,"featured_media":0,"parent":0,"menu_order":0,"comment_status":"closed","ping_status":"closed","template":"","meta":{"footnotes":""},"class_list":["post-28","page","type-page","status-publish","hentry"],"yoast_head":"<!-- This site is optimized with the Yoast SEO plugin v27.4 - https:\/\/yoast.com\/product\/yoast-seo-wordpress\/ -->\n<title>\u00dcber mich - Bayernfossil<\/title>\n<meta name=\"robots\" content=\"index, follow, max-snippet:-1, max-image-preview:large, max-video-preview:-1\" \/>\n<link rel=\"canonical\" href=\"https:\/\/bayernfossil.bplaced.net\/?page_id=28\" \/>\n<meta property=\"og:locale\" content=\"de_DE\" \/>\n<meta property=\"og:type\" content=\"article\" \/>\n<meta property=\"og:title\" content=\"\u00dcber mich - Bayernfossil\" \/>\n<meta property=\"og:description\" content=\"Seit 1977 bin ich Fossiliensammler. In den letzten 15 Jahren habe ich mein Revier aus Platzgr\u00fcnden auf Bayern (und angrenzende Gebiete) beschr\u00e4nkt. Bayern bietet Fossilien aus allen Zeitaltern von Kambrium bis Neogen, einem Zeitraum von \u00fcber 520 Millionen Jahren &#8211; es gab und gibt also mehr als genug zu finden&#8230;. Meine Fossilien bei ebay.de\" \/>\n<meta property=\"og:url\" content=\"https:\/\/bayernfossil.bplaced.net\/?page_id=28\" \/>\n<meta property=\"og:site_name\" content=\"Bayernfossil\" \/>\n<meta property=\"article:publisher\" content=\"https:\/\/www.facebook.com\/cee.kaakaa.31\/\" \/>\n<meta property=\"article:modified_time\" content=\"2022-09-19T09:06:43+00:00\" \/>\n<meta property=\"og:image\" content=\"http:\/\/bayernfossil.bplaced.net\/wp-content\/uploads\/2017\/09\/Autor.jpg\" \/>\n<meta name=\"twitter:card\" content=\"summary_large_image\" \/>\n<meta name=\"twitter:label1\" content=\"Gesch\u00e4tzte Lesezeit\" \/>\n\t<meta name=\"twitter:data1\" content=\"1\u00a0Minute\" \/>\n<script type=\"application\/ld+json\" class=\"yoast-schema-graph\">{\"@context\":\"https:\\\/\\\/schema.org\",\"@graph\":[{\"@type\":\"WebPage\",\"@id\":\"https:\\\/\\\/bayernfossil.bplaced.net\\\/?page_id=28\",\"url\":\"https:\\\/\\\/bayernfossil.bplaced.net\\\/?page_id=28\",\"name\":\"\u00dcber mich - Bayernfossil\",\"isPartOf\":{\"@id\":\"https:\\\/\\\/bayernfossil.bplaced.net\\\/#website\"},\"primaryImageOfPage\":{\"@id\":\"https:\\\/\\\/bayernfossil.bplaced.net\\\/?page_id=28#primaryimage\"},\"image\":{\"@id\":\"https:\\\/\\\/bayernfossil.bplaced.net\\\/?page_id=28#primaryimage\"},\"thumbnailUrl\":\"http:\\\/\\\/bayernfossil.bplaced.net\\\/wp-content\\\/uploads\\\/2017\\\/09\\\/Autor.jpg\",\"datePublished\":\"2017-09-17T21:34:08+00:00\",\"dateModified\":\"2022-09-19T09:06:43+00:00\",\"breadcrumb\":{\"@id\":\"https:\\\/\\\/bayernfossil.bplaced.net\\\/?page_id=28#breadcrumb\"},\"inLanguage\":\"de\",\"potentialAction\":[{\"@type\":\"ReadAction\",\"target\":[\"https:\\\/\\\/bayernfossil.bplaced.net\\\/?page_id=28\"]}]},{\"@type\":\"ImageObject\",\"inLanguage\":\"de\",\"@id\":\"https:\\\/\\\/bayernfossil.bplaced.net\\\/?page_id=28#primaryimage\",\"url\":\"https:\\\/\\\/bayernfossil.bplaced.net\\\/wp-content\\\/uploads\\\/2017\\\/09\\\/Autor.jpg\",\"contentUrl\":\"https:\\\/\\\/bayernfossil.bplaced.net\\\/wp-content\\\/uploads\\\/2017\\\/09\\\/Autor.jpg\",\"width\":77,\"height\":77},{\"@type\":\"BreadcrumbList\",\"@id\":\"https:\\\/\\\/bayernfossil.bplaced.net\\\/?page_id=28#breadcrumb\",\"itemListElement\":[{\"@type\":\"ListItem\",\"position\":1,\"name\":\"Home\",\"item\":\"https:\\\/\\\/bayernfossil.bplaced.net\\\/\"},{\"@type\":\"ListItem\",\"position\":2,\"name\":\"\u00dcber mich\"}]},{\"@type\":\"WebSite\",\"@id\":\"https:\\\/\\\/bayernfossil.bplaced.net\\\/#website\",\"url\":\"https:\\\/\\\/bayernfossil.bplaced.net\\\/\",\"name\":\"Bayernfossil\",\"description\":\"Fossilien in Bayern\",\"potentialAction\":[{\"@type\":\"SearchAction\",\"target\":{\"@type\":\"EntryPoint\",\"urlTemplate\":\"https:\\\/\\\/bayernfossil.bplaced.net\\\/?s={search_term_string}\"},\"query-input\":{\"@type\":\"PropertyValueSpecification\",\"valueRequired\":true,\"valueName\":\"search_term_string\"}}],\"inLanguage\":\"de\"}]}<\/script>\n<!-- \/ Yoast SEO plugin. -->","yoast_head_json":{"title":"\u00dcber mich - Bayernfossil","robots":{"index":"index","follow":"follow","max-snippet":"max-snippet:-1","max-image-preview":"max-image-preview:large","max-video-preview":"max-video-preview:-1"},"canonical":"https:\/\/bayernfossil.bplaced.net\/?page_id=28","og_locale":"de_DE","og_type":"article","og_title":"\u00dcber mich - Bayernfossil","og_description":"Seit 1977 bin ich Fossiliensammler. In den letzten 15 Jahren habe ich mein Revier aus Platzgr\u00fcnden auf Bayern (und angrenzende Gebiete) beschr\u00e4nkt. Bayern bietet Fossilien aus allen Zeitaltern von Kambrium bis Neogen, einem Zeitraum von \u00fcber 520 Millionen Jahren &#8211; es gab und gibt also mehr als genug zu finden&#8230;. Meine Fossilien bei ebay.de","og_url":"https:\/\/bayernfossil.bplaced.net\/?page_id=28","og_site_name":"Bayernfossil","article_publisher":"https:\/\/www.facebook.com\/cee.kaakaa.31\/","article_modified_time":"2022-09-19T09:06:43+00:00","og_image":[{"url":"http:\/\/bayernfossil.bplaced.net\/wp-content\/uploads\/2017\/09\/Autor.jpg","type":"","width":"","height":""}],"twitter_card":"summary_large_image","twitter_misc":{"Gesch\u00e4tzte Lesezeit":"1\u00a0Minute"},"schema":{"@context":"https:\/\/schema.org","@graph":[{"@type":"WebPage","@id":"https:\/\/bayernfossil.bplaced.net\/?page_id=28","url":"https:\/\/bayernfossil.bplaced.net\/?page_id=28","name":"\u00dcber mich - Bayernfossil","isPartOf":{"@id":"https:\/\/bayernfossil.bplaced.net\/#website"},"primaryImageOfPage":{"@id":"https:\/\/bayernfossil.bplaced.net\/?page_id=28#primaryimage"},"image":{"@id":"https:\/\/bayernfossil.bplaced.net\/?page_id=28#primaryimage"},"thumbnailUrl":"http:\/\/bayernfossil.bplaced.net\/wp-content\/uploads\/2017\/09\/Autor.jpg","datePublished":"2017-09-17T21:34:08+00:00","dateModified":"2022-09-19T09:06:43+00:00","breadcrumb":{"@id":"https:\/\/bayernfossil.bplaced.net\/?page_id=28#breadcrumb"},"inLanguage":"de","potentialAction":[{"@type":"ReadAction","target":["https:\/\/bayernfossil.bplaced.net\/?page_id=28"]}]},{"@type":"ImageObject","inLanguage":"de","@id":"https:\/\/bayernfossil.bplaced.net\/?page_id=28#primaryimage","url":"https:\/\/bayernfossil.bplaced.net\/wp-content\/uploads\/2017\/09\/Autor.jpg","contentUrl":"https:\/\/bayernfossil.bplaced.net\/wp-content\/uploads\/2017\/09\/Autor.jpg","width":77,"height":77},{"@type":"BreadcrumbList","@id":"https:\/\/bayernfossil.bplaced.net\/?page_id=28#breadcrumb","itemListElement":[{"@type":"ListItem","position":1,"name":"Home","item":"https:\/\/bayernfossil.bplaced.net\/"},{"@type":"ListItem","position":2,"name":"\u00dcber mich"}]},{"@type":"WebSite","@id":"https:\/\/bayernfossil.bplaced.net\/#website","url":"https:\/\/bayernfossil.bplaced.net\/","name":"Bayernfossil","description":"Fossilien in Bayern","potentialAction":[{"@type":"SearchAction","target":{"@type":"EntryPoint","urlTemplate":"https:\/\/bayernfossil.bplaced.net\/?s={search_term_string}"},"query-input":{"@type":"PropertyValueSpecification","valueRequired":true,"valueName":"search_term_string"}}],"inLanguage":"de"}]}},"_links":{"self":[{"href":"https:\/\/bayernfossil.bplaced.net\/index.php?rest_route=\/wp\/v2\/pages\/28","targetHints":{"allow":["GET"]}}],"collection":[{"href":"https:\/\/bayernfossil.bplaced.net\/index.php?rest_route=\/wp\/v2\/pages"}],"about":[{"href":"https:\/\/bayernfossil.bplaced.net\/index.php?rest_route=\/wp\/v2\/types\/page"}],"author":[{"embeddable":true,"href":"https:\/\/bayernfossil.bplaced.net\/index.php?rest_route=\/wp\/v2\/users\/1"}],"replies":[{"embeddable":true,"href":"https:\/\/bayernfossil.bplaced.net\/index.php?rest_route=%2Fwp%2Fv2%2Fcomments&post=28"}],"version-history":[{"count":7,"href":"https:\/\/bayernfossil.bplaced.net\/index.php?rest_route=\/wp\/v2\/pages\/28\/revisions"}],"predecessor-version":[{"id":296,"href":"https:\/\/bayernfossil.bplaced.net\/index.php?rest_route=\/wp\/v2\/pages\/28\/revisions\/296"}],"wp:attachment":[{"href":"https:\/\/bayernfossil.bplaced.net\/index.php?rest_route=%2Fwp%2Fv2%2Fmedia&parent=28"}],"curies":[{"name":"wp","href":"https:\/\/api.w.org\/{rel}","templated":true}]}}