{"id":29,"date":"2017-09-17T23:34:08","date_gmt":"2017-09-17T21:34:08","guid":{"rendered":"http:\/\/bayernfossil.bplaced.net\/?page_id=29"},"modified":"2025-01-27T22:29:29","modified_gmt":"2025-01-27T21:29:29","slug":"kontakt","status":"publish","type":"page","link":"https:\/\/bayernfossil.bplaced.net\/?page_id=29","title":{"rendered":"Kontakt"},"content":{"rendered":"<p>\u00a9 2017-2025 Christian K\u00fchnel-Kratz<\/p>\n<p>Alle Inhalte dieses Website, insbesondere Texte, Fotos und Grafiken, sind urheberrechtlich gesch\u00fctzt. Eine Verwendung ist nur mit ausdr\u00fccklicher Erlaubnis des Autors gestattet.<\/p>\n<p><img loading=\"lazy\" decoding=\"async\" class=\"alignnone size-full wp-image-167\" src=\"https:\/\/bayernfossil.bplaced.net\/wp-content\/uploads\/2019\/01\/KueKratz.jpg\" alt=\"\" width=\"100\" height=\"122\" \/><\/p>\n<p><a href=\"mailto:ckk@bayernfossil.de\">Email an mich senden<\/a><\/p>\n<p><a href=\"https:\/\/www.ebay.de\/sch\/bayernfossi\/m.html\" target=\"_blank\" rel=\"noopener\">Meine Fossilien bei Ebay<\/a><\/p>\n","protected":false},"excerpt":{"rendered":"<p>\u00a9 2017-2025 Christian K\u00fchnel-Kratz Alle Inhalte dieses Website, insbesondere Texte, Fotos und Grafiken, sind urheberrechtlich gesch\u00fctzt. Eine Verwendung ist nur mit ausdr\u00fccklicher Erlaubnis des Autors gestattet. Email an mich senden Meine Fossilien bei Ebay<\/p>\n","protected":false},"author":1,"featured_media":0,"parent":0,"menu_order":0,"comment_status":"closed","ping_status":"closed","template":"","meta":{"footnotes":""},"class_list":["post-29","page","type-page","status-publish","hentry"],"yoast_head":"<!-- This site is optimized with the Yoast SEO plugin v27.4 - https:\/\/yoast.com\/product\/yoast-seo-wordpress\/ -->\n<title>Kontakt - Bayernfossil<\/title>\n<meta name=\"robots\" content=\"index, follow, max-snippet:-1, max-image-preview:large, max-video-preview:-1\" \/>\n<link rel=\"canonical\" href=\"https:\/\/bayernfossil.bplaced.net\/?page_id=29\" \/>\n<meta property=\"og:locale\" content=\"de_DE\" \/>\n<meta property=\"og:type\" content=\"article\" \/>\n<meta property=\"og:title\" content=\"Kontakt - Bayernfossil\" \/>\n<meta property=\"og:description\" content=\"\u00a9 2017-2025 Christian K\u00fchnel-Kratz Alle Inhalte dieses Website, insbesondere Texte, Fotos und Grafiken, sind urheberrechtlich gesch\u00fctzt. Eine Verwendung ist nur mit ausdr\u00fccklicher Erlaubnis des Autors gestattet. Email an mich senden Meine Fossilien bei Ebay\" \/>\n<meta property=\"og:url\" content=\"https:\/\/bayernfossil.bplaced.net\/?page_id=29\" \/>\n<meta property=\"og:site_name\" content=\"Bayernfossil\" \/>\n<meta property=\"article:publisher\" content=\"https:\/\/www.facebook.com\/cee.kaakaa.31\/\" \/>\n<meta property=\"article:modified_time\" content=\"2025-01-27T21:29:29+00:00\" \/>\n<meta property=\"og:image\" content=\"http:\/\/bayernfossil.bplaced.net\/wp-content\/uploads\/2019\/01\/KueKratz.jpg\" \/>\n<meta name=\"twitter:card\" content=\"summary_large_image\" \/>\n<meta name=\"twitter:label1\" content=\"Gesch\u00e4tzte Lesezeit\" \/>\n\t<meta name=\"twitter:data1\" content=\"1\u00a0Minute\" \/>\n<script type=\"application\/ld+json\" class=\"yoast-schema-graph\">{\"@context\":\"https:\\\/\\\/schema.org\",\"@graph\":[{\"@type\":\"WebPage\",\"@id\":\"https:\\\/\\\/bayernfossil.bplaced.net\\\/?page_id=29\",\"url\":\"https:\\\/\\\/bayernfossil.bplaced.net\\\/?page_id=29\",\"name\":\"Kontakt - Bayernfossil\",\"isPartOf\":{\"@id\":\"https:\\\/\\\/bayernfossil.bplaced.net\\\/#website\"},\"primaryImageOfPage\":{\"@id\":\"https:\\\/\\\/bayernfossil.bplaced.net\\\/?page_id=29#primaryimage\"},\"image\":{\"@id\":\"https:\\\/\\\/bayernfossil.bplaced.net\\\/?page_id=29#primaryimage\"},\"thumbnailUrl\":\"http:\\\/\\\/bayernfossil.bplaced.net\\\/wp-content\\\/uploads\\\/2019\\\/01\\\/KueKratz.jpg\",\"datePublished\":\"2017-09-17T21:34:08+00:00\",\"dateModified\":\"2025-01-27T21:29:29+00:00\",\"breadcrumb\":{\"@id\":\"https:\\\/\\\/bayernfossil.bplaced.net\\\/?page_id=29#breadcrumb\"},\"inLanguage\":\"de\",\"potentialAction\":[{\"@type\":\"ReadAction\",\"target\":[\"https:\\\/\\\/bayernfossil.bplaced.net\\\/?page_id=29\"]}]},{\"@type\":\"ImageObject\",\"inLanguage\":\"de\",\"@id\":\"https:\\\/\\\/bayernfossil.bplaced.net\\\/?page_id=29#primaryimage\",\"url\":\"https:\\\/\\\/bayernfossil.bplaced.net\\\/wp-content\\\/uploads\\\/2019\\\/01\\\/KueKratz.jpg\",\"contentUrl\":\"https:\\\/\\\/bayernfossil.bplaced.net\\\/wp-content\\\/uploads\\\/2019\\\/01\\\/KueKratz.jpg\",\"width\":100,\"height\":122},{\"@type\":\"BreadcrumbList\",\"@id\":\"https:\\\/\\\/bayernfossil.bplaced.net\\\/?page_id=29#breadcrumb\",\"itemListElement\":[{\"@type\":\"ListItem\",\"position\":1,\"name\":\"Home\",\"item\":\"https:\\\/\\\/bayernfossil.bplaced.net\\\/\"},{\"@type\":\"ListItem\",\"position\":2,\"name\":\"Kontakt\"}]},{\"@type\":\"WebSite\",\"@id\":\"https:\\\/\\\/bayernfossil.bplaced.net\\\/#website\",\"url\":\"https:\\\/\\\/bayernfossil.bplaced.net\\\/\",\"name\":\"Bayernfossil\",\"description\":\"Fossilien in Bayern\",\"potentialAction\":[{\"@type\":\"SearchAction\",\"target\":{\"@type\":\"EntryPoint\",\"urlTemplate\":\"https:\\\/\\\/bayernfossil.bplaced.net\\\/?s={search_term_string}\"},\"query-input\":{\"@type\":\"PropertyValueSpecification\",\"valueRequired\":true,\"valueName\":\"search_term_string\"}}],\"inLanguage\":\"de\"}]}<\/script>\n<!-- \/ Yoast SEO plugin. -->","yoast_head_json":{"title":"Kontakt - Bayernfossil","robots":{"index":"index","follow":"follow","max-snippet":"max-snippet:-1","max-image-preview":"max-image-preview:large","max-video-preview":"max-video-preview:-1"},"canonical":"https:\/\/bayernfossil.bplaced.net\/?page_id=29","og_locale":"de_DE","og_type":"article","og_title":"Kontakt - Bayernfossil","og_description":"\u00a9 2017-2025 Christian K\u00fchnel-Kratz Alle Inhalte dieses Website, insbesondere Texte, Fotos und Grafiken, sind urheberrechtlich gesch\u00fctzt. Eine Verwendung ist nur mit ausdr\u00fccklicher Erlaubnis des Autors gestattet. Email an mich senden Meine Fossilien bei Ebay","og_url":"https:\/\/bayernfossil.bplaced.net\/?page_id=29","og_site_name":"Bayernfossil","article_publisher":"https:\/\/www.facebook.com\/cee.kaakaa.31\/","article_modified_time":"2025-01-27T21:29:29+00:00","og_image":[{"url":"http:\/\/bayernfossil.bplaced.net\/wp-content\/uploads\/2019\/01\/KueKratz.jpg","type":"","width":"","height":""}],"twitter_card":"summary_large_image","twitter_misc":{"Gesch\u00e4tzte Lesezeit":"1\u00a0Minute"},"schema":{"@context":"https:\/\/schema.org","@graph":[{"@type":"WebPage","@id":"https:\/\/bayernfossil.bplaced.net\/?page_id=29","url":"https:\/\/bayernfossil.bplaced.net\/?page_id=29","name":"Kontakt - Bayernfossil","isPartOf":{"@id":"https:\/\/bayernfossil.bplaced.net\/#website"},"primaryImageOfPage":{"@id":"https:\/\/bayernfossil.bplaced.net\/?page_id=29#primaryimage"},"image":{"@id":"https:\/\/bayernfossil.bplaced.net\/?page_id=29#primaryimage"},"thumbnailUrl":"http:\/\/bayernfossil.bplaced.net\/wp-content\/uploads\/2019\/01\/KueKratz.jpg","datePublished":"2017-09-17T21:34:08+00:00","dateModified":"2025-01-27T21:29:29+00:00","breadcrumb":{"@id":"https:\/\/bayernfossil.bplaced.net\/?page_id=29#breadcrumb"},"inLanguage":"de","potentialAction":[{"@type":"ReadAction","target":["https:\/\/bayernfossil.bplaced.net\/?page_id=29"]}]},{"@type":"ImageObject","inLanguage":"de","@id":"https:\/\/bayernfossil.bplaced.net\/?page_id=29#primaryimage","url":"https:\/\/bayernfossil.bplaced.net\/wp-content\/uploads\/2019\/01\/KueKratz.jpg","contentUrl":"https:\/\/bayernfossil.bplaced.net\/wp-content\/uploads\/2019\/01\/KueKratz.jpg","width":100,"height":122},{"@type":"BreadcrumbList","@id":"https:\/\/bayernfossil.bplaced.net\/?page_id=29#breadcrumb","itemListElement":[{"@type":"ListItem","position":1,"name":"Home","item":"https:\/\/bayernfossil.bplaced.net\/"},{"@type":"ListItem","position":2,"name":"Kontakt"}]},{"@type":"WebSite","@id":"https:\/\/bayernfossil.bplaced.net\/#website","url":"https:\/\/bayernfossil.bplaced.net\/","name":"Bayernfossil","description":"Fossilien in Bayern","potentialAction":[{"@type":"SearchAction","target":{"@type":"EntryPoint","urlTemplate":"https:\/\/bayernfossil.bplaced.net\/?s={search_term_string}"},"query-input":{"@type":"PropertyValueSpecification","valueRequired":true,"valueName":"search_term_string"}}],"inLanguage":"de"}]}},"_links":{"self":[{"href":"https:\/\/bayernfossil.bplaced.net\/index.php?rest_route=\/wp\/v2\/pages\/29","targetHints":{"allow":["GET"]}}],"collection":[{"href":"https:\/\/bayernfossil.bplaced.net\/index.php?rest_route=\/wp\/v2\/pages"}],"about":[{"href":"https:\/\/bayernfossil.bplaced.net\/index.php?rest_route=\/wp\/v2\/types\/page"}],"author":[{"embeddable":true,"href":"https:\/\/bayernfossil.bplaced.net\/index.php?rest_route=\/wp\/v2\/users\/1"}],"replies":[{"embeddable":true,"href":"https:\/\/bayernfossil.bplaced.net\/index.php?rest_route=%2Fwp%2Fv2%2Fcomments&post=29"}],"version-history":[{"count":11,"href":"https:\/\/bayernfossil.bplaced.net\/index.php?rest_route=\/wp\/v2\/pages\/29\/revisions"}],"predecessor-version":[{"id":396,"href":"https:\/\/bayernfossil.bplaced.net\/index.php?rest_route=\/wp\/v2\/pages\/29\/revisions\/396"}],"wp:attachment":[{"href":"https:\/\/bayernfossil.bplaced.net\/index.php?rest_route=%2Fwp%2Fv2%2Fmedia&parent=29"}],"curies":[{"name":"wp","href":"https:\/\/api.w.org\/{rel}","templated":true}]}}